{"id":88,"date":"2025-06-16T08:23:57","date_gmt":"2025-06-16T08:23:57","guid":{"rendered":"https:\/\/www.parkster.com\/se\/?page_id=88"},"modified":"2026-03-16T13:18:57","modified_gmt":"2026-03-16T13:18:57","slug":"foretag","status":"publish","type":"page","link":"https:\/\/www.parkster.com\/se\/sv\/foretag\/","title":{"rendered":"F\u00f6retag"},"content":{"rendered":"<p>Med Parksters f\u00f6retagsl\u00f6sning blir det enklare att hantera anst\u00e4lldas parkeringar och elbilsladdning. Vi hj\u00e4lper dig att spara b\u00e5de tid och pengar.<\/p>\n<ul>\n<li>En samlad faktura, en g\u00e5ng i m\u00e5naden<\/li>\n<li>Full kontroll \u00f6ver vilka som kan parkera med ert konto<\/li>\n<li>En trygg helhetsl\u00f6sning<\/li>\n<\/ul>\n","protected":false},"excerpt":{"rendered":"<p>Med Parksters f\u00f6retagsl\u00f6sning blir det enklare att hantera anst\u00e4lldas parkeringar och elbilsladdning. Vi hj\u00e4lper dig att spara b\u00e5de tid och pengar. En samlad faktura, en g\u00e5ng i m\u00e5naden Full kontroll \u00f6ver vilka som kan parkera med ert konto En trygg helhetsl\u00f6sning<\/p>\n","protected":false},"author":1,"featured_media":0,"parent":0,"menu_order":0,"comment_status":"closed","ping_status":"closed","template":"page_landing.php","meta":{"_acf_changed":false,"footnotes":""},"class_list":["post-88","page","type-page","status-publish","hentry"],"acf":[],"lang":"sv","translations":{"sv":88,"en":488},"pll_sync_post":[],"_links":{"self":[{"href":"https:\/\/www.parkster.com\/se\/wp-json\/wp\/v2\/pages\/88","targetHints":{"allow":["GET"]}}],"collection":[{"href":"https:\/\/www.parkster.com\/se\/wp-json\/wp\/v2\/pages"}],"about":[{"href":"https:\/\/www.parkster.com\/se\/wp-json\/wp\/v2\/types\/page"}],"author":[{"embeddable":true,"href":"https:\/\/www.parkster.com\/se\/wp-json\/wp\/v2\/users\/1"}],"replies":[{"embeddable":true,"href":"https:\/\/www.parkster.com\/se\/wp-json\/wp\/v2\/comments?post=88"}],"version-history":[{"count":0,"href":"https:\/\/www.parkster.com\/se\/wp-json\/wp\/v2\/pages\/88\/revisions"}],"wp:attachment":[{"href":"https:\/\/www.parkster.com\/se\/wp-json\/wp\/v2\/media?parent=88"}],"curies":[{"name":"wp","href":"https:\/\/api.w.org\/{rel}","templated":true}]}}