{"id":760,"date":"2026-02-10T14:06:59","date_gmt":"2026-02-10T14:06:59","guid":{"rendered":"https:\/\/www.parkster.com\/se\/?page_id=760"},"modified":"2026-02-25T07:42:06","modified_gmt":"2026-02-25T07:42:06","slug":"str","status":"publish","type":"page","link":"https:\/\/www.parkster.com\/se\/sv\/str\/","title":{"rendered":"Tillsammans f\u00f6r tryggare parkering"},"content":{"rendered":"<p><span style=\"font-weight: 400\">Vi p\u00e5 Parkster har ett samarbete med Sveriges Trafikutbildares Riksf\u00f6rbund (STR) med ett gemensamt m\u00e5l: att g\u00f6ra parkering enklare, tryggare och mer begriplig f\u00f6r alla trafikanter. Genom samarbetet vill vi bidra till en b\u00e4ttre parkeringskultur, d\u00e4r kunskap och digitala l\u00f6sningar m\u00f6ts f\u00f6r att skapa trygghet p\u00e5 v\u00e4garna.<\/span><\/p>\n","protected":false},"excerpt":{"rendered":"<p>Vi p\u00e5 Parkster har ett samarbete med Sveriges Trafikutbildares Riksf\u00f6rbund (STR) med ett gemensamt m\u00e5l: att g\u00f6ra parkering enklare, tryggare och mer begriplig f\u00f6r alla trafikanter. Genom samarbetet vill vi bidra till en b\u00e4ttre parkeringskultur, d\u00e4r kunskap och digitala l\u00f6sningar m\u00f6ts f\u00f6r att skapa trygghet p\u00e5 v\u00e4garna.<\/p>\n","protected":false},"author":4,"featured_media":0,"parent":0,"menu_order":0,"comment_status":"closed","ping_status":"closed","template":"","meta":{"_acf_changed":false,"footnotes":""},"class_list":["post-760","page","type-page","status-publish","hentry"],"acf":[],"lang":"sv","translations":{"sv":760},"pll_sync_post":[],"_links":{"self":[{"href":"https:\/\/www.parkster.com\/se\/wp-json\/wp\/v2\/pages\/760","targetHints":{"allow":["GET"]}}],"collection":[{"href":"https:\/\/www.parkster.com\/se\/wp-json\/wp\/v2\/pages"}],"about":[{"href":"https:\/\/www.parkster.com\/se\/wp-json\/wp\/v2\/types\/page"}],"author":[{"embeddable":true,"href":"https:\/\/www.parkster.com\/se\/wp-json\/wp\/v2\/users\/4"}],"replies":[{"embeddable":true,"href":"https:\/\/www.parkster.com\/se\/wp-json\/wp\/v2\/comments?post=760"}],"version-history":[{"count":1,"href":"https:\/\/www.parkster.com\/se\/wp-json\/wp\/v2\/pages\/760\/revisions"}],"predecessor-version":[{"id":868,"href":"https:\/\/www.parkster.com\/se\/wp-json\/wp\/v2\/pages\/760\/revisions\/868"}],"wp:attachment":[{"href":"https:\/\/www.parkster.com\/se\/wp-json\/wp\/v2\/media?parent=760"}],"curies":[{"name":"wp","href":"https:\/\/api.w.org\/{rel}","templated":true}]}}