{"id":751,"date":"2025-09-30T06:19:57","date_gmt":"2025-09-30T06:19:57","guid":{"rendered":"https:\/\/www.parkster.com\/se\/?page_id=751"},"modified":"2025-10-01T11:42:21","modified_gmt":"2025-10-01T11:42:21","slug":"pappersfaktura-foretag","status":"publish","type":"page","link":"https:\/\/www.parkster.com\/se\/sv\/pappersfaktura-foretag\/","title":{"rendered":"Vi justerar avgiften f\u00f6r pappersfaktura"},"content":{"rendered":"<p>Som en del av v\u00e5rt h\u00e5llbarhetsarbete vill vi minska m\u00e4ngden pappersfakturor. Den \u00e4r trygg och v\u00e4lbepr\u00f6vad, men mindre milj\u00f6v\u00e4nlig och dyrare att hantera, inte minst eftersom portot har f\u00f6rdubblats sedan 2020. F\u00f6r att minska v\u00e5r milj\u00f6p\u00e5verkan och t\u00e4cka de \u00f6kade kostnaderna h\u00f6jer vi d\u00e4rf\u00f6r avgiften f\u00f6r pappersfaktura fr\u00e5n 29 kronor till 39 kronor.<\/p>\n<p>Den nya fakturaavgiften kommer att till\u00e4mpas p\u00e5 alla pappersfakturor som skickas ut den 16 oktober och fram\u00e5t. Om ni inte byter betalmetod innan den 16 oktober inneb\u00e4r det att ni accepterar den nya avgiften.<\/p>\n<p>Vill ni ist\u00e4llet byta betalmetod erbjuder vi m\u00e5nadsvis digital faktura via e-post eller m\u00e5nadsvis kortbetalning. Ni uppdaterar enkelt er betalmetod direkt i appen eller p\u00e5 v\u00e5r hemsida. Ni kan n\u00e4r som helst \u00e4ndra betalmetod eller avsluta avtalet i enlighet med v\u00e5ra villkor. <a href=\"https:\/\/www.parkster.com\/se\/sv\/allmanna-villkor\/\">L\u00e4s v\u00e5ra allm\u00e4nna villkor h\u00e4r.<\/a><\/p>\n<p><b><\/b><b>Har du fr\u00e5gor eller funderingar? \u2028<\/b><span style=\"font-weight: 400\"><br \/>\n<\/span><span style=\"font-weight: 400\">Skulle du undra \u00f6ver n\u00e5got finns vi h\u00e4r f\u00f6r dig. V\u00e4lkommen att kontakta v\u00e5r kundservice p\u00e5 0775\u201333 30 00 eller <\/span><a href=\"mailto:foretag@parkster.se\"><span style=\"font-weight: 400\">foretag@parkster.se<\/span><\/a><\/p>\n<p><span style=\"font-weight: 400\">Vi hj\u00e4lper dig g\u00e4rna!<\/span><\/p>\n","protected":false},"excerpt":{"rendered":"<p>Som en del av v\u00e5rt h\u00e5llbarhetsarbete vill vi minska m\u00e4ngden pappersfakturor. Den \u00e4r trygg och v\u00e4lbepr\u00f6vad, men mindre milj\u00f6v\u00e4nlig och dyrare att hantera, inte minst eftersom portot har f\u00f6rdubblats sedan 2020. F\u00f6r att minska v\u00e5r milj\u00f6p\u00e5verkan och t\u00e4cka de \u00f6kade kostnaderna h\u00f6jer vi d\u00e4rf\u00f6r avgiften f\u00f6r pappersfaktura fr\u00e5n 29 kronor till 39 kronor. Den nya [&hellip;]<\/p>\n","protected":false},"author":4,"featured_media":0,"parent":0,"menu_order":0,"comment_status":"closed","ping_status":"closed","template":"","meta":{"_acf_changed":false,"footnotes":""},"class_list":["post-751","page","type-page","status-publish","hentry"],"acf":[],"lang":"sv","translations":{"sv":751},"pll_sync_post":[],"_links":{"self":[{"href":"https:\/\/www.parkster.com\/se\/wp-json\/wp\/v2\/pages\/751","targetHints":{"allow":["GET"]}}],"collection":[{"href":"https:\/\/www.parkster.com\/se\/wp-json\/wp\/v2\/pages"}],"about":[{"href":"https:\/\/www.parkster.com\/se\/wp-json\/wp\/v2\/types\/page"}],"author":[{"embeddable":true,"href":"https:\/\/www.parkster.com\/se\/wp-json\/wp\/v2\/users\/4"}],"replies":[{"embeddable":true,"href":"https:\/\/www.parkster.com\/se\/wp-json\/wp\/v2\/comments?post=751"}],"version-history":[{"count":0,"href":"https:\/\/www.parkster.com\/se\/wp-json\/wp\/v2\/pages\/751\/revisions"}],"wp:attachment":[{"href":"https:\/\/www.parkster.com\/se\/wp-json\/wp\/v2\/media?parent=751"}],"curies":[{"name":"wp","href":"https:\/\/api.w.org\/{rel}","templated":true}]}}