{"id":750,"date":"2025-09-30T06:17:39","date_gmt":"2025-09-30T06:17:39","guid":{"rendered":"https:\/\/www.parkster.com\/se\/?page_id=750"},"modified":"2025-10-01T11:36:29","modified_gmt":"2025-10-01T11:36:29","slug":"pappersfaktura","status":"publish","type":"page","link":"https:\/\/www.parkster.com\/se\/sv\/pappersfaktura\/","title":{"rendered":"Vi justerar avgiften f\u00f6r pappersfaktura"},"content":{"rendered":"<p>F\u00f6r oss \u00e4r valfrihet viktigt. D\u00e4rf\u00f6r vill vi g\u00f6ra det enkelt att betala f\u00f6r din parkering, p\u00e5 det s\u00e4tt som passar dig b\u00e4st.<\/p>\n<p><span style=\"font-weight: 400\">Med <\/span><b>Parkster Komplett<\/b><span style=\"font-weight: 400\"> f\u00e5r du v\u00e5ra smarta tillval, som \u00f6verbetalningsskydd och m\u00f6jligheten att samla hela familjens parkeringar p\u00e5 samma konto. En nyhet \u00e4r att du nu kan v\u00e4lja att betala direkt med Apple Pay eller kort. Om du hellre vill betala i efterskott finns m\u00e5nadsbetalning kvar. Valet \u00e4r ditt! Aktivera Parkster Komplett<\/span> <span style=\"font-weight: 400\">p\u00e5 Mina sidor i appen \u2013\u00a0enkelt, tryggt och dessutom sn\u00e4llare mot milj\u00f6n.\u00a0<\/span><span style=\"font-weight: 400\"><br \/>\n<\/span><\/p>\n<p>Vill du ha en l\u00f6sning utan smarta tillval? D\u00e5 erbjuder vi <strong>Parkster Neutral<\/strong>. H\u00e4r betalar du alltid i efterskott, antingen via m\u00e5nadsbetalning med kort, digital faktura p\u00e5 mejl eller pappersfaktura.<\/p>\n<p>Pappersfakturan \u00e4r trygg och v\u00e4lbepr\u00f6vad, men mindre milj\u00f6v\u00e4nlig och dyrare att hantera, inte minst eftersom portot har f\u00f6rdubblats sedan 2020. F\u00f6r att minska v\u00e5r milj\u00f6p\u00e5verkan och t\u00e4cka de \u00f6kade kostnaderna h\u00f6jer vi d\u00e4rf\u00f6r avgiften f\u00f6r pappersfaktura fr\u00e5n 29 kronor till 39 kronor.<\/p>\n<p>Den nya fakturaavgiften kommer att till\u00e4mpas p\u00e5 alla pappersfakturor som skickas ut den 16 oktober och fram\u00e5t. Om du inte byter betalmetod innan den 16 oktober inneb\u00e4r det att du accepterar den nya avgiften. Vill du inte det kan du n\u00e4r som helst uppdatera din betalmetod eller avsluta ditt avtal enligt v\u00e5ra villkor. <a href=\"https:\/\/www.parkster.com\/se\/sv\/allmanna-villkor\/\">H\u00e4r kan du l\u00e4sa v\u00e5ra allm\u00e4nna villkor.<\/a><\/p>\n<p><strong>F\u00f6r dig som anv\u00e4nder I Tj\u00e4nsten eller Familjekonto<\/strong><br \/>\nGl\u00f6m inte att I Tj\u00e4nsten och Familjekonto har en separat betalmetod ut\u00f6ver ditt privata konto. Om du vill byta betalmetod g\u00f6r du det enkelt direkt i appen eller p\u00e5 Mina sidor.<\/p>\n<p><b><\/b><b>Har du fr\u00e5gor eller funderingar? \u2028<\/b><span style=\"font-weight: 400\"><br \/>\n<\/span><span style=\"font-weight: 400\">Skulle du undra \u00f6ver n\u00e5got finns vi h\u00e4r f\u00f6r dig. V\u00e4lkommen att kontakta v\u00e5r kundservice p\u00e5 0775\u201333 30 30 eller <\/span><a href=\"mailto:kundtjanst@parkster.se\"><span style=\"font-weight: 400\">kundtjanst@parkster.se<\/span><\/a><\/p>\n<p><span style=\"font-weight: 400\">Vi hj\u00e4lper dig g\u00e4rna!<\/span><\/p>\n","protected":false},"excerpt":{"rendered":"<p>F\u00f6r oss \u00e4r valfrihet viktigt. D\u00e4rf\u00f6r vill vi g\u00f6ra det enkelt att betala f\u00f6r din parkering, p\u00e5 det s\u00e4tt som passar dig b\u00e4st. Med Parkster Komplett f\u00e5r du v\u00e5ra smarta tillval, som \u00f6verbetalningsskydd och m\u00f6jligheten att samla hela familjens parkeringar p\u00e5 samma konto. En nyhet \u00e4r att du nu kan v\u00e4lja att betala direkt med [&hellip;]<\/p>\n","protected":false},"author":4,"featured_media":0,"parent":0,"menu_order":0,"comment_status":"closed","ping_status":"closed","template":"","meta":{"_acf_changed":false,"footnotes":""},"class_list":["post-750","page","type-page","status-publish","hentry"],"acf":[],"lang":"sv","translations":{"sv":750},"pll_sync_post":[],"_links":{"self":[{"href":"https:\/\/www.parkster.com\/se\/wp-json\/wp\/v2\/pages\/750","targetHints":{"allow":["GET"]}}],"collection":[{"href":"https:\/\/www.parkster.com\/se\/wp-json\/wp\/v2\/pages"}],"about":[{"href":"https:\/\/www.parkster.com\/se\/wp-json\/wp\/v2\/types\/page"}],"author":[{"embeddable":true,"href":"https:\/\/www.parkster.com\/se\/wp-json\/wp\/v2\/users\/4"}],"replies":[{"embeddable":true,"href":"https:\/\/www.parkster.com\/se\/wp-json\/wp\/v2\/comments?post=750"}],"version-history":[{"count":0,"href":"https:\/\/www.parkster.com\/se\/wp-json\/wp\/v2\/pages\/750\/revisions"}],"wp:attachment":[{"href":"https:\/\/www.parkster.com\/se\/wp-json\/wp\/v2\/media?parent=750"}],"curies":[{"name":"wp","href":"https:\/\/api.w.org\/{rel}","templated":true}]}}