{"id":691,"date":"2025-07-03T11:14:20","date_gmt":"2025-07-03T11:14:20","guid":{"rendered":"https:\/\/www.parkster.com\/se\/?page_id=691"},"modified":"2025-07-03T11:14:58","modified_gmt":"2025-07-03T11:14:58","slug":"rvns-villkor","status":"publish","type":"page","link":"https:\/\/www.parkster.com\/se\/sv\/rvns-villkor\/","title":{"rendered":"RVN:s Allm\u00e4nna Villkor f\u00f6r Digitalt Parkeringsabonnemang"},"content":{"rendered":"<div>\n<p><strong>1 RVN \u00e5taganden\u00a0<\/strong>Dessa allm\u00e4nna villkor utg\u00f6r ett avtal mellan RVN , org. Nr 232100-0206, ang\u00e5ende tillhandah\u00e5llande av parkering p\u00e5 parkeringsanl\u00e4ggningar till dig som kund (\u201dKunden\u201d) mot ers\u00e4ttning. Detta Avtal g\u00e4ller f\u00f6r abonnemangsparkering, inneb\u00e4randes bl.a. att Kunden i f\u00f6rv\u00e4g betalar f\u00f6r parkering f\u00f6r en m\u00e5nad i taget. Parkeringsbolaget anvisar Kunden var parkering av fordon ska ske. En f\u00f6ruts\u00e4ttning f\u00f6r Avtalets giltighet \u00e4r att Kunden i anslutning h\u00e4rtill \u00e4ven ing\u00e5r ett avtal med Parkster AB,\u00a0<a href=\"http:\/\/org.nr\/\" target=\"_blank\" rel=\"noopener\" data-saferedirecturl=\"https:\/\/www.google.com\/url?q=http:\/\/org.nr&amp;source=gmail&amp;ust=1751627590577000&amp;usg=AOvVaw2sH8BnSzzLDpQmQa3jHByk\">org.nr<\/a>\u00a0556862-5841, (\u201dParkster\u201d) eftersom Parkster hanterar kundadministration, s\u00e5 som framg\u00e5r av dessa villkor och Parksters allm\u00e4nna villkor. Notera s\u00e4rskilt att Kunden betalar till Parkster och inte direkt till RVN.<\/p>\n<p><strong>2 Kundens \u00e5taganden<\/strong><\/p>\n<p>2.1 Max 1 (ett) avtal per kund och parkeringstyp f\u00e5r innehas vid abonnemangsparkering. Kunden f\u00f6rbinder sig att parkera i enlighet med RVN:s anvisningar och skyltning vid parkeringsanl\u00e4ggning p\u00e5 den ort personen har som anst\u00e4llningsort.<\/p>\n<p>2.2 Kunden \u00e4ger inte r\u00e4tt att sl\u00e4ppa in obeh\u00f6riga i l\u00e5st parkeringsanl\u00e4ggning och Kunden f\u00f6rbinder sig att, i f\u00f6rekommande fall, se till s\u00e5 att d\u00f6rrar\/portar st\u00e4ngs efter passage.<\/p>\n<p>2.3 Parkering f\u00e5r inte ske p\u00e5 s\u00e4tt som f\u00e5r till f\u00f6ljd att andra fordon blockeras, eller p\u00e5 annat s\u00e4tt som hindrar framkomlighet f\u00f6r fordon eller g\u00e5ngtrafik p\u00e5 parkeringsanl\u00e4ggningen.<\/p>\n<p>2.4 Har \u00f6verenskommelse om reserverad plats s\u00e4rskilt avtalats mellan RVN och verksamhet f\u00e5r parkering endast ske p\u00e5 den tilldelade reserverade platsen. Annan skyltning \u00e4n den av RVN uppf\u00f6rda f\u00e5r ej f\u00f6rekomma.<\/p>\n<p>2.5 Kunden f\u00e5r endast anv\u00e4nda parkeringsplats f\u00f6r parkering av personbil, MC och moped klass ett och tv\u00e5 s\u00e5vida inte annat s\u00e4rskilt avtalats.<\/p>\n<p>2.6 Parkering p\u00e5 personalparkering f\u00e5r endast ske under ordinarie arbetspass dock l\u00e4ngst 24 timmar per tillf\u00e4lle om inte parkeringen sker flera dygn i samband med flerdygnstj\u00e4nstg\u00f6ring samt tj\u00e4nsteresa med \u00f6vernattning p\u00e5 annan ort. Parkeringsplatsen f\u00e5r inte nyttjas som bostadsparkering eller som uppst\u00e4llningsplats. \u00d6vrig materiel f\u00e5r inte f\u00f6rvaras p\u00e5 parkeringsanl\u00e4ggningen.<\/p>\n<p>2.7 Kund med motorv\u00e4rmarabonnemang f\u00e5r nyttja uttag f\u00f6r motorv\u00e4rmare i m\u00e5n av tillg\u00e5ng, men \u00e4ger inte r\u00e4tt att anv\u00e4nda motorv\u00e4rmaruttag f\u00f6r annat \u00e4ndam\u00e5l \u00e4n f\u00f6r tillf\u00e4llig uppv\u00e4rmning av fordon.<\/p>\n<p>2.8 F\u00f6r det fall att framkomligheten eller m\u00f6jligheterna till parkering hindras till f\u00f6ljd av tillf\u00e4lligt underh\u00e5llsarbete, sn\u00f6 eller annat ov\u00e4der eller annat liknande f\u00f6rh\u00e5llande, ska Kunden inte \u00e4ga r\u00e4tt till prisavdrag, skadest\u00e5nd eller annan ers\u00e4ttning. Detsamma g\u00e4ller f\u00f6r det fall att parkering inte kan ske till f\u00f6ljd av fullbel\u00e4ggning.<\/p>\n<p>2.9 RVN friskriver sig fr\u00e5n allt ansvar f\u00f6r skador p\u00e5, st\u00f6ld av eller ur fordon eller effekter d\u00e4rav.<\/p>\n<p>2.10 Kunden f\u00f6rbinder sig att f\u00f6lja g\u00e4llande skyltning, ordningsf\u00f6reskrift, myndighetsf\u00f6reskrift eller av fastighets\u00e4gare utf\u00e4rdad f\u00f6reskrift f\u00f6r parkeringsanl\u00e4ggningen.<\/p>\n<p>2.11 Kunden skall s\u00e4kerst\u00e4lla att r\u00e4tt fordon finns aktiverat f\u00f6r parkering vid parkeringstillf\u00e4llet. Kunden f\u00f6rbinder sig att inte l\u00e5na ut sitt tillst\u00e5nd.<\/p>\n<p><strong>3 Digitalt parkeringstillst\u00e5nd och betalning<\/strong><\/p>\n<p>3.1 RVN har ing\u00e5tt avtal med Parkster r\u00f6rande administration av kundf\u00f6rh\u00e5llandet, vilket innefattar bl.a. utf\u00e4rdande av digitalt parkeringstillst\u00e5nd samt att betalning ska g\u00f6ras till Parkster. N\u00e4r du som kund ing\u00e5r detta avtal accepterar du \u00e4ven Parksters vid var tid g\u00e4llande allm\u00e4nna villkor, se\u00a0<a href=\"http:\/\/www.parkster.se\/\" target=\"_blank\" rel=\"noopener\" data-saferedirecturl=\"https:\/\/www.google.com\/url?q=http:\/\/www.parkster.se&amp;source=gmail&amp;ust=1751627590577000&amp;usg=AOvVaw3wLDqbB2lPYKGvF1RdKnJw\">www.parkster.se<\/a>.<\/p>\n<p>3.2 Kunden \u00e5tar sig att ing\u00e5 och, under hela tiden som detta avtal \u00e4r g\u00e4llande, vara bunden av avtal med Parkster. F\u00f6r det fall att avtal mellan Kunden och Parkster upph\u00f6r, upph\u00f6r \u00e4ven avtalet med RVN.<\/p>\n<p>3.3 Kund kan endast erh\u00e5lla personalparkeringstillst\u00e5nd genom att registrera sig med ett eget konto hos Parkster med sitt personnummer.<\/p>\n<p><strong>4 Betalning<\/strong><\/p>\n<p>4.1 Avgiften j\u00e4mte vid varje tillf\u00e4lle g\u00e4llande merv\u00e4rdesskatt ska erl\u00e4ggas senast f\u00f6rfallodagen till Parkster i enlighet med Parksters allm\u00e4nna villkor. Vid dr\u00f6jsm\u00e5l med betalning g\u00e4ller vad som stadgas i Parksters allm\u00e4nna villkor.<\/p>\n<p>4.2 RVN har r\u00e4tt att \u00e4ndra parkeringsavgiften i enlighet med g\u00e4llande riktlinjer f\u00f6r parkeringar. Avgift kan endast \u00e4ndras f\u00f6r hel kalenderm\u00e5nad. Avgifts\u00e4ndring f\u00f6ruts\u00e4tter att \u00e4ndringen aviserats senast en kalenderm\u00e5nad i f\u00f6rv\u00e4g. Avisering kan ske via e-post, telefon, post, meddelande p\u00e5 RVN:s intran\u00e4t eller via Parkster. Accepterar inte kunden avgifts\u00e4ndringen har kunden r\u00e4tt att s\u00e4ga upp avtalet till upph\u00f6rande vid det datum d\u00e5 avgifts\u00e4ndringen tr\u00e4der i kraft, i enlighet med vad som stadgas i Parksters allm\u00e4nna villkor.<\/p>\n<p><strong>5 Personuppgifter<\/strong><\/p>\n<p>5.1 RVN \u00e4r personuppgiftsansvarig enligt g\u00e4llande lagstiftning och behandlar personuppgifter som har l\u00e4mnats av Kunden i enlighet med g\u00e4llande lagstiftning. I vissa fall kan RVN \u00e4ven vara personuppgiftsbitr\u00e4de d\u00e5 RVN behandlar personuppgifter f\u00f6r Parksters r\u00e4kning.<\/p>\n<p>5.2 RVN avser att behandla uppgifter s\u00e5som namn, personnummer, e-post, postadress, telefonnummer m.m. betr\u00e4ffande Kunden. Kunden samtycker till att RVN behandlar anv\u00e4ndarens personuppgifter f\u00f6r att fullg\u00f6ra sina \u00e5taganden enligt detta Avtal. Anv\u00e4ndaren samtycker till att RVN och\/eller RVN samarbetspartners behandlar personuppgifterna f\u00f6r att bl.a.:<\/p>\n<p>(a)administrera kundf\u00f6rh\u00e5llandet (exempelvis utskick av information och nyhetsbrev, hantering av kundtj\u00e4nst\u00e4renden, fakturering, anv\u00e4ndarunders\u00f6kningar etc.);<\/p>\n<p>(b)l\u00e4mna uppgifter till polis och andra myndigheter, om det kr\u00e4vs enligt lag.<\/p>\n<p>Kunden har r\u00e4tt att en g\u00e5ng per \u00e5r f\u00e5 kostnadsfri information om personuppgifter. Beg\u00e4ran om r\u00e4ttelse eller information skall s\u00e4ndas skriftligen till transportenheten vid respektive ort. Kontaktuppgifter finns p\u00e5 RVN intran\u00e4t. Kunden har r\u00e4tt att beg\u00e4ra att felaktiga uppgifter r\u00f6rande denne r\u00e4ttas.<\/p>\n<p><strong>6 Avtalsperiod och upps\u00e4gning<\/strong><\/p>\n<p>6.1 Detta avtal g\u00e4ller tillsvidare. Om upps\u00e4gning sker senast den 14:e dagen i m\u00e5naden upph\u00f6r avtalet vid kommande m\u00e5nadsskifte. Om upps\u00e4gning sker efter den 14:e dagen i m\u00e5naden kommer avtalet upph\u00f6ra vid efterf\u00f6ljande m\u00e5nadsskifte. Upps\u00e4gning av detta avtal ska meddelas till Parkster i enlighet med Parksters allm\u00e4nna villkor. S\u00e4ger Kunden upp tj\u00e4nsten parkeringsabonnemang hos Parkster, g\u00e4llande RVN:s parkeringsplats, s\u00e4gs s\u00e5ledes \u00e4ven detta avtal upp i enlighet med vad som stadgas d\u00e4rom i Parksters allm\u00e4nna villkor.<\/p>\n<p>6.2 RVN har vidare r\u00e4tt att med omedelbar verkan s\u00e4ga upp detta avtal vid Kundens dr\u00f6jsm\u00e5l med betalning eller f\u00f6r det fall att Kunden bryter mot n\u00e5got villkor i detta avtal eller andra meddelade f\u00f6reskrifter.<\/p>\n<p><strong>7 \u00c5ngerr\u00e4tt<\/strong><\/p>\n<p>Detta avtal omfattas av Distansavtalslagen. I enlighet d\u00e4rmed har Kunden r\u00e4tt att fr\u00e5ntr\u00e4da avtalet inom 14 dagar fr\u00e5n den dag d\u00e5 Avtalet ingicks. Parkeringsavgift fram till upps\u00e4gningsdatumet m\u00e5ste erl\u00e4ggas vid utnyttjande av \u00e5ngerr\u00e4tten. Parkster administrerar kundf\u00f6rh\u00e5llandet och Kund som \u00e5ngrar sig ska meddela Parkster att hen utnyttjar sin \u00e5ngerr\u00e4tt och ska vid Parkster uppmaning betala in eventuellt obetalt kreditbelopp och eventuell upplupen r\u00e4nta i enlighet med best\u00e4mmelserna h\u00e4rom i Parksters allm\u00e4nna villkor.<\/p>\n<p><strong>8 \u00d6verl\u00e5telse<\/strong><\/p>\n<p>Avtalet f\u00e5r inte \u00f6verl\u00e5tas.<\/p>\n<p><strong>9 Tvist<\/strong><\/p>\n<p>Tvister g\u00e4llande till\u00e4mpningen av detta Avtal ska avg\u00f6ras av svensk domstol i enlighet med svensk lag.<\/p>\n<\/div>\n<div><\/div>\n","protected":false},"excerpt":{"rendered":"<p>1 RVN \u00e5taganden\u00a0Dessa allm\u00e4nna villkor utg\u00f6r ett avtal mellan RVN , org. Nr 232100-0206, ang\u00e5ende tillhandah\u00e5llande av parkering p\u00e5 parkeringsanl\u00e4ggningar till dig som kund (\u201dKunden\u201d) mot ers\u00e4ttning. Detta Avtal g\u00e4ller f\u00f6r abonnemangsparkering, inneb\u00e4randes bl.a. att Kunden i f\u00f6rv\u00e4g betalar f\u00f6r parkering f\u00f6r en m\u00e5nad i taget. Parkeringsbolaget anvisar Kunden var parkering av fordon ska ske. [&hellip;]<\/p>\n","protected":false},"author":1,"featured_media":0,"parent":0,"menu_order":0,"comment_status":"closed","ping_status":"closed","template":"","meta":{"_acf_changed":false,"footnotes":""},"class_list":["post-691","page","type-page","status-publish","hentry"],"acf":[],"lang":"sv","translations":{"sv":691},"pll_sync_post":[],"_links":{"self":[{"href":"https:\/\/www.parkster.com\/se\/wp-json\/wp\/v2\/pages\/691","targetHints":{"allow":["GET"]}}],"collection":[{"href":"https:\/\/www.parkster.com\/se\/wp-json\/wp\/v2\/pages"}],"about":[{"href":"https:\/\/www.parkster.com\/se\/wp-json\/wp\/v2\/types\/page"}],"author":[{"embeddable":true,"href":"https:\/\/www.parkster.com\/se\/wp-json\/wp\/v2\/users\/1"}],"replies":[{"embeddable":true,"href":"https:\/\/www.parkster.com\/se\/wp-json\/wp\/v2\/comments?post=691"}],"version-history":[{"count":0,"href":"https:\/\/www.parkster.com\/se\/wp-json\/wp\/v2\/pages\/691\/revisions"}],"wp:attachment":[{"href":"https:\/\/www.parkster.com\/se\/wp-json\/wp\/v2\/media?parent=691"}],"curies":[{"name":"wp","href":"https:\/\/api.w.org\/{rel}","templated":true}]}}