{"id":651,"date":"2025-06-26T16:04:10","date_gmt":"2025-06-26T16:04:10","guid":{"rendered":"https:\/\/www.parkster.com\/se\/?page_id=651"},"modified":"2025-06-26T16:43:48","modified_gmt":"2025-06-26T16:43:48","slug":"tillganglighet-for-parksters-back-office-och-mina-sidor","status":"publish","type":"page","link":"https:\/\/www.parkster.com\/se\/sv\/tillganglighet-for-parksters-back-office-och-mina-sidor\/","title":{"rendered":"Tillg\u00e4nglighet f\u00f6r Parksters Back Office och Mina Sidor"},"content":{"rendered":"<p><span style=\"font-weight: 400\">Parkster AB st\u00e5r bakom den h\u00e4r webbsidan. Vi vill att s\u00e5 m\u00e5nga som m\u00f6jligt ska kunna anv\u00e4nda den. Det h\u00e4r dokumentet beskriver hur Parksters administrationsgr\u00e4nssnitt Back Office och Mina Sidor uppfyller lagen om tillg\u00e4nglighet till digital offentlig service, eventuella k\u00e4nda tillg\u00e4nglighetsproblem och hur du kan rapportera brister till oss s\u00e5 att vi kan \u00e5tg\u00e4rda dem.<\/span><\/p>\n<h3><span style=\"font-weight: 500\">Hur tillg\u00e4nglig \u00e4r webbplatsen?<\/span><\/h3>\n<p><span style=\"font-weight: 400\">Vi har inga k\u00e4nda brister i tillg\u00e4ngligheten f\u00f6r den h\u00e4r webbplatsen.<\/span><\/p>\n<h3><span style=\"font-weight: 500\">Vad kan du g\u00f6ra om du inte kan anv\u00e4nda delar av webbplatsen?<\/span><\/h3>\n<p><span style=\"font-weight: 400\">Om du beh\u00f6ver inneh\u00e5ll fr\u00e5n webbplatsen som inte \u00e4r tillg\u00e4ngligt f\u00f6r dig, men som \u00e4r undantaget fr\u00e5n lagens till\u00e4mpningsomr\u00e5de enligt beskrivning nedan, kan du kontakta oss via meddelande-formul\u00e4ret p\u00e5 <\/span><a href=\"https:\/\/faq-se.parkster.com\" target=\"_blank\" rel=\"noopener\"><span style=\"font-weight: 400\">https:\/\/faq-se.parkster.com<\/span><\/a><span style=\"font-weight: 400\">.<\/span><\/p>\n<p><span style=\"font-weight: 400\">Du kan ocks\u00e5 kontakta oss p\u00e5 f\u00f6ljande s\u00e4tt:<\/span><\/p>\n<p><span style=\"font-weight: 400\">Skicka e-post till <a href=\"mailto:kundtjanst@parkster.se\">kundtjanst@parkster.se<\/a><\/span><\/p>\n<p><span style=\"font-weight: 400\">Eller ring 077-533 30 30<\/span><\/p>\n<p><span style=\"font-weight: 400\">Chatta med oss via chatten p\u00e5 hemsidan.<\/span><\/p>\n<h3><span style=\"font-weight: 500\">Rapportera brister i webbplatsens tillg\u00e4nglighet<\/span><\/h3>\n<p><span style=\"font-weight: 400\">Vi str\u00e4var hela tiden efter att f\u00f6rb\u00e4ttra webbplatsens tillg\u00e4nglighet. Om du uppt\u00e4cker problem som inte \u00e4r beskrivna p\u00e5 den h\u00e4r sidan, eller om du anser att vi inte uppfyller lagens krav, <a href=\"https:\/\/www.parkster.com\/se\/sv\/kontakt\/\">meddela oss<\/a> s\u00e5 att vi f\u00e5r veta att problemet finns.<\/span><\/p>\n<h3><span style=\"font-weight: 500\">Tillsyn<\/span><\/h3>\n<p><span style=\"font-weight: 400\">Myndigheten f\u00f6r digital f\u00f6rvaltning, Digg, har ansvaret f\u00f6r tillsyn \u00f6ver lagen om tillg\u00e4nglighet till digital offentlig service. Du kan anm\u00e4la till Digg om du tycker att v\u00e5r digitala service har brister i tillg\u00e4nglighet.<\/span><\/p>\n<p><span style=\"font-weight: 400\">Du kan ocks\u00e5 anm\u00e4la till Digg om du tycker att v\u00e5r bed\u00f6mning av vad som \u00e4r osk\u00e4ligt betungande ska granskas, om du tycker att v\u00e5r tillg\u00e4nglighetsredog\u00f6relse har brister eller om du tycker att vi inte har hanterat din beg\u00e4ran om tillg\u00e4ngligg\u00f6rande korrekt.<\/span><\/p>\n<h3><span style=\"font-weight: 500\">Teknisk information om webbplatsens tillg\u00e4nglighet<\/span><\/h3>\n<p><span style=\"font-weight: 400\">Den h\u00e4r webbplatsen \u00e4r helt f\u00f6renlig med lagen om tillg\u00e4nglighet till digital offentlig service.<\/span><\/p>\n<h3><span style=\"font-weight: 500\">Hur vi testat webbplatsen<\/span><\/h3>\n<p><span style=\"font-weight: 400\">Vi granskar regelbundet tillg\u00e4ngligheten b\u00e5de med automatiserade verktyg och genom manuell granskning. Detta g\u00f6rs av oss sj\u00e4lva.<\/span><\/p>\n<p><span style=\"font-weight: 400\">Redog\u00f6relsen uppdaterades senast den 26:e juni 2025.<\/span><\/p>\n","protected":false},"excerpt":{"rendered":"<p>Parkster AB st\u00e5r bakom den h\u00e4r webbsidan. Vi vill att s\u00e5 m\u00e5nga som m\u00f6jligt ska kunna anv\u00e4nda den. Det h\u00e4r dokumentet beskriver hur Parksters administrationsgr\u00e4nssnitt Back Office och Mina Sidor uppfyller lagen om tillg\u00e4nglighet till digital offentlig service, eventuella k\u00e4nda tillg\u00e4nglighetsproblem och hur du kan rapportera brister till oss s\u00e5 att vi kan \u00e5tg\u00e4rda dem. [&hellip;]<\/p>\n","protected":false},"author":7,"featured_media":0,"parent":0,"menu_order":0,"comment_status":"closed","ping_status":"closed","template":"","meta":{"_acf_changed":false,"footnotes":""},"class_list":["post-651","page","type-page","status-publish","hentry"],"acf":[],"lang":"sv","translations":{"sv":651,"en":652},"pll_sync_post":[],"_links":{"self":[{"href":"https:\/\/www.parkster.com\/se\/wp-json\/wp\/v2\/pages\/651","targetHints":{"allow":["GET"]}}],"collection":[{"href":"https:\/\/www.parkster.com\/se\/wp-json\/wp\/v2\/pages"}],"about":[{"href":"https:\/\/www.parkster.com\/se\/wp-json\/wp\/v2\/types\/page"}],"author":[{"embeddable":true,"href":"https:\/\/www.parkster.com\/se\/wp-json\/wp\/v2\/users\/7"}],"replies":[{"embeddable":true,"href":"https:\/\/www.parkster.com\/se\/wp-json\/wp\/v2\/comments?post=651"}],"version-history":[{"count":0,"href":"https:\/\/www.parkster.com\/se\/wp-json\/wp\/v2\/pages\/651\/revisions"}],"wp:attachment":[{"href":"https:\/\/www.parkster.com\/se\/wp-json\/wp\/v2\/media?parent=651"}],"curies":[{"name":"wp","href":"https:\/\/api.w.org\/{rel}","templated":true}]}}