{"id":660,"date":"2025-06-26T17:01:16","date_gmt":"2025-06-26T17:01:16","guid":{"rendered":"https:\/\/www.parkster.com\/de\/?page_id=660"},"modified":"2025-06-26T17:05:41","modified_gmt":"2025-06-26T17:05:41","slug":"barrierefreiheit-von-parksters-back-office-und-meine-seiten","status":"publish","type":"page","link":"https:\/\/www.parkster.com\/de\/de\/barrierefreiheit-von-parksters-back-office-und-meine-seiten\/","title":{"rendered":"Barrierefreiheit von Parksters Back Office und Meine Seiten"},"content":{"rendered":"<p data-start=\"264\" data-end=\"327\"><strong data-start=\"264\" data-end=\"327\">Barrierefreiheit von Parksters Back Office und Meine Seiten<\/strong><\/p>\n<p data-start=\"329\" data-end=\"827\">Parkster AB ist f\u00fcr diese Website verantwortlich. Wir m\u00f6chten, dass so viele Menschen wie m\u00f6glich sie nutzen k\u00f6nnen. Dieses Dokument beschreibt, wie Parksters Administrationsoberfl\u00e4chen <em data-start=\"515\" data-end=\"528\">Back Office<\/em> und <em data-start=\"533\" data-end=\"547\">Meine Seiten<\/em> die Anforderungen der <strong data-start=\"570\" data-end=\"629\">Barrierefreie-Informationstechnik-Verordnung (BITV 2.0)<\/strong> in Verbindung mit dem <strong data-start=\"652\" data-end=\"694\">Behindertengleichstellungsgesetz (BGG)<\/strong> erf\u00fcllen, welche bekannten Barrierefreiheitsprobleme es gibt und wie Sie M\u00e4ngel bei uns melden k\u00f6nnen, damit wir sie beheben k\u00f6nnen.<\/p>\n<h3 data-start=\"829\" data-end=\"866\">Wie barrierefrei ist die Website?<\/h3>\n<p data-start=\"868\" data-end=\"936\">Uns sind keine Barrierefreiheitsprobleme auf dieser Website bekannt.<\/p>\n<h3 data-start=\"938\" data-end=\"1009\">Was k\u00f6nnen Sie tun, wenn Sie Teile der Website nicht nutzen k\u00f6nnen?<\/h3>\n<p data-start=\"1011\" data-end=\"1293\">Wenn Sie Inhalte auf der Website ben\u00f6tigen, die f\u00fcr Sie nicht zug\u00e4nglich sind, die aber gesetzlich von der Barrierefreiheitspflicht ausgenommen sind (siehe unten), k\u00f6nnen Sie uns \u00fcber das Kontaktformular unter <a class=\"\" href=\"https:\/\/faq-se.parkster.com\" target=\"_new\" rel=\"noopener\" data-start=\"1221\" data-end=\"1279\">https:\/\/faq-se.parkster.com<\/a> kontaktieren.<\/p>\n<p data-start=\"1295\" data-end=\"1344\">Sie k\u00f6nnen uns auch auf folgende Weise erreichen:<\/p>\n<ul data-start=\"1345\" data-end=\"1479\">\n<li data-start=\"1345\" data-end=\"1389\">Per E-Mail an <a href=\"mailto:kundendienst@parkster.com\">kundendienst@parkster.com<\/a><\/li>\n<li data-start=\"1345\" data-end=\"1389\">Oder telefonisch unter 089 306 69 79 69<\/li>\n<li data-start=\"1438\" data-end=\"1479\">\n<p data-start=\"1440\" data-end=\"1479\">Oder \u00fcber den Chat auf unserer Website.<\/p>\n<\/li>\n<\/ul>\n<h3 data-start=\"1481\" data-end=\"1534\">M\u00e4ngel in der Barrierefreiheit der Website melden<\/h3>\n<p data-start=\"1536\" data-end=\"1810\">Wir arbeiten kontinuierlich daran, die Barrierefreiheit unserer Website zu verbessern. Wenn Sie Probleme entdecken, die auf dieser Seite nicht beschrieben sind, oder wenn Sie der Meinung sind, dass wir gesetzliche Anforderungen nicht erf\u00fcllen, teilen Sie uns dies bitte mit.<\/p>\n<h3 data-start=\"1812\" data-end=\"1838\">Durchsetzungsverfahren<\/h3>\n<p data-start=\"1840\" data-end=\"2177\">Falls Sie keine zufriedenstellende Antwort von uns auf Ihre Anfrage zur Barrierefreiheit erhalten, k\u00f6nnen Sie sich an die <strong data-start=\"1962\" data-end=\"2026\">Schlichtungsstelle nach dem Behindertengleichstellungsgesetz<\/strong> wenden. Die Schlichtungsstelle bietet eine au\u00dfergerichtliche M\u00f6glichkeit zur Konfliktl\u00f6sung zwischen Nutzerinnen und Nutzern und \u00f6ffentlichen Stellen.<\/p>\n<p data-start=\"2179\" data-end=\"2218\"><strong data-start=\"2179\" data-end=\"2218\">Kontakt der Schlichtungsstelle BGG:<\/strong><\/p>\n<ul data-start=\"2220\" data-end=\"2533\">\n<li data-start=\"2220\" data-end=\"2374\">\n<p data-start=\"2222\" data-end=\"2374\">Schlichtungsstelle BGG<br data-start=\"2244\" data-end=\"2247\" \/>bei der Beauftragten der Bundesregierung f\u00fcr die Belange von Menschen mit Behinderungen<br data-start=\"2336\" data-end=\"2339\" \/>Mauerstra\u00dfe 53<br data-start=\"2355\" data-end=\"2358\" \/>10117 Berlin<\/p>\n<\/li>\n<li data-start=\"2375\" data-end=\"2403\">\n<p data-start=\"2377\" data-end=\"2403\">Telefon: 030 18 527 2805<\/p>\n<\/li>\n<li data-start=\"2404\" data-end=\"2450\">\n<p data-start=\"2406\" data-end=\"2450\">E-Mail: <strong data-start=\"2414\" data-end=\"2448\"><a class=\"cursor-pointer\" rel=\"noopener\" data-start=\"2416\" data-end=\"2446\">info@schlichtungsstelle-bgg.de<\/a><\/strong><\/p>\n<\/li>\n<li data-start=\"2451\" data-end=\"2533\">\n<p data-start=\"2453\" data-end=\"2533\">Webseite: <a class=\"\" href=\"https:\/\/www.schlichtungsstelle-bgg.de\" target=\"_new\" rel=\"noopener\" data-start=\"2463\" data-end=\"2533\">www.schlichtungsstelle-bgg.de<\/a><\/p>\n<\/li>\n<\/ul>\n<h3 data-start=\"2535\" data-end=\"2596\">Technische Informationen zur Barrierefreiheit der Website<\/h3>\n<p data-start=\"2598\" data-end=\"2679\">Diese Website ist <strong data-start=\"2616\" data-end=\"2639\">vollst\u00e4ndig konform<\/strong> mit den Anforderungen der <strong data-start=\"2666\" data-end=\"2678\">BITV 2.0<\/strong>.<\/p>\n<h3 data-start=\"2681\" data-end=\"2719\">Wie wir die Website getestet haben<\/h3>\n<p data-start=\"2721\" data-end=\"2887\">Wir \u00fcberpr\u00fcfen die Barrierefreiheit regelm\u00e4\u00dfig sowohl mit automatisierten Tools als auch durch manuelle Pr\u00fcfungen. Diese Pr\u00fcfungen werden von uns intern durchgef\u00fchrt.<\/p>\n<p data-start=\"2889\" data-end=\"2953\">Diese Erkl\u00e4rung wurde zuletzt am <strong data-start=\"2922\" data-end=\"2939\">26. Juni 2025<\/strong> aktualisiert.<\/p>\n","protected":false},"excerpt":{"rendered":"<p>Barrierefreiheit von Parksters Back Office und Meine Seiten Parkster AB ist f\u00fcr diese Website verantwortlich. Wir m\u00f6chten, dass so viele Menschen wie m\u00f6glich sie nutzen k\u00f6nnen. Dieses Dokument beschreibt, wie Parksters Administrationsoberfl\u00e4chen Back Office und Meine Seiten die Anforderungen der Barrierefreie-Informationstechnik-Verordnung (BITV 2.0) in Verbindung mit dem Behindertengleichstellungsgesetz (BGG) erf\u00fcllen, welche bekannten Barrierefreiheitsprobleme es gibt [&hellip;]<\/p>\n","protected":false},"author":7,"featured_media":0,"parent":0,"menu_order":0,"comment_status":"closed","ping_status":"closed","template":"","meta":{"_acf_changed":false,"footnotes":""},"class_list":["post-660","page","type-page","status-publish","hentry"],"acf":[],"lang":"de","translations":{"de":660,"en":659},"pll_sync_post":[],"_links":{"self":[{"href":"https:\/\/www.parkster.com\/de\/wp-json\/wp\/v2\/pages\/660","targetHints":{"allow":["GET"]}}],"collection":[{"href":"https:\/\/www.parkster.com\/de\/wp-json\/wp\/v2\/pages"}],"about":[{"href":"https:\/\/www.parkster.com\/de\/wp-json\/wp\/v2\/types\/page"}],"author":[{"embeddable":true,"href":"https:\/\/www.parkster.com\/de\/wp-json\/wp\/v2\/users\/7"}],"replies":[{"embeddable":true,"href":"https:\/\/www.parkster.com\/de\/wp-json\/wp\/v2\/comments?post=660"}],"version-history":[{"count":0,"href":"https:\/\/www.parkster.com\/de\/wp-json\/wp\/v2\/pages\/660\/revisions"}],"wp:attachment":[{"href":"https:\/\/www.parkster.com\/de\/wp-json\/wp\/v2\/media?parent=660"}],"curies":[{"name":"wp","href":"https:\/\/api.w.org\/{rel}","templated":true}]}}