{"id":1035,"date":"2025-07-21T08:05:52","date_gmt":"2025-07-21T08:05:52","guid":{"rendered":"https:\/\/www.parkster.com\/de\/?page_id=1035"},"modified":"2025-07-21T08:23:04","modified_gmt":"2025-07-21T08:23:04","slug":"kameraparken-anpr","status":"publish","type":"page","link":"https:\/\/www.parkster.com\/de\/de\/kameraparken-anpr\/","title":{"rendered":"Kameraparken"},"content":{"rendered":"<div class=\"content-block lg:grid lg:grid-cols-1 lg: gap-12 \">\n<div class=\"mt-8 lg:mt-0\">\n<div class=\"text-base max-w-prose sm:max-w-none text-left\">\n<h3 class=\"mt-2 leading-8 font-bold tracking-tight text-heading text-2xl md:text-4xl\">Parken mit Kennzeichenerkennung<\/h3>\n<\/div>\n<\/div>\n<\/div>\n<div class=\"content-block lg:grid lg:grid-cols-1 lg: gap-12 \">\n<div class=\"mt-8 lg:mt-0\">\n<div class=\"text-base max-w-prose sm:max-w-none text-left\">\n<h3 class=\"mt-2 leading-8 font-bold tracking-tight text-heading text-2xl md:text-4xl\">Wie funktioniert Parken mit Kennzeichenerkennung?<\/h3>\n<\/div>\n<div class=\"mt-5 block-content lg:max-w-none lg:row-start-1 lg:col-start-1 break-words font-medium text-left\">\n<p>Normalerweise startest du mit Parkster den Parkvorgang manuell in der App \u2013 und stoppst ihn so auch wieder. Beim Parken mit Kennzeichenerkennung ist das nicht mehr n\u00f6tig. Es gibt zwei Arten der Automatisierung, zwischen denen wir unterscheiden m\u00fcssen:<\/p>\n<\/div>\n<\/div>\n<\/div>\n<div class=\"content-block lg:grid lg:grid-cols-2 lg: gap-12 \">\n<div class=\"relative flex items-center\">\n<div class=\"relative text-base mx-auto max-w-prose lg:max-w-none\"><\/div>\n<\/div>\n<div class=\"mt-8 lg:mt-0 flex flex-col justify-center\">\n<div class=\"text-base max-w-prose sm:max-w-none text-left\">\n<h3 class=\"mt-2 leading-8 font-bold tracking-tight text-heading text-2xl md:text-4xl\">Automatischer Ablauf (\u201cAutomatisches Kameraparken\u201d):<\/h3>\n<\/div>\n<div class=\"mt-5 block-content lg:max-w-none lg:row-start-1 lg:col-start-1 break-words font-medium text-left\">\n<p>Kameras erfassen dein Kennzeichen bei der Einfahrt in den Parkplatz oder das Parkhaus. Sobald sich die Schranke \u00f6ffnet oder du durch eine Einfahrt ohne Schranke (aber mit Kamera) f\u00e4hrst, startet die Parkster-App automatisch den Parkvorgang. Verl\u00e4sst du den Parkplatz, erfassen die Kameras dein Nummernschild abermals und der Parkvorgang wird gestoppt. Alles, was du tun musst: Sicher fahren.<\/p>\n<p>In unseren Apps findest du diese Option als: &#8220;Automatisches Kameraparken&#8221; im Men\u00fc.<\/p>\n<p><strong>An folgenden Standorten findest du unsere automatische Kameraparken-L\u00f6sung:<\/strong><\/p>\n<ul>\n<li>Bonn, Gemeinschaftskrankenhaus (Parkzone in der App: 953102)<\/li>\n<li>Ehingen, Parkhaus Sternplatz (Parkzone in der App: 13111)<\/li>\n<li>Langenlonsheim, REWE Zych (Parkzone in der App: 55106)<\/li>\n<li>N\u00fcrnberg, Parkhaus am Pl\u00e4rrer (Parkzone in der App: 990402)<\/li>\n<li>Sprendlingen, REWE Zych (Parkzone in der App: 55105)<\/li>\n<li>Solingen, Diakonisches Werk Bethanien (Parkzone in der App: 42601)<\/li>\n<\/ul>\n<p><strong>WICHTIG ZU BEACHTEN VOR NUTZUNG:<\/strong>\u00a0Bevor du diese Option verwenden m\u00f6chtest, klicke im Men\u00fc auf den Button &#8220;Automatisches Kameraparken&#8221; und ordne das KFZ-Kennzeichen deiner Wahl dieser Funktion zu, in dem du den Regler nach rechts schiebst. Erst dann ist das automatische Kameraparken f\u00fcr dich aktiviert.<\/p>\n<\/div>\n<\/div>\n<\/div>\n<div class=\"content-block lg:grid lg:grid-cols-2 lg: gap-12 \">\n<div class=\"relative flex items-center\">\n<div class=\"relative text-base mx-auto max-w-prose lg:max-w-none\">\n<figure class=\"content-image\">\n<div class=\"w-auto\">\n<div class=\"w-auto\">\n<div class=\"aspect-h-4 aspect-w-3 flex justify-center pb-0\"><\/div>\n<\/div>\n<\/div><figcaption class=\"text-sm text-gray-400 text-center\"><\/figcaption><\/figure>\n<\/div>\n<\/div>\n<div class=\"mt-8 lg:mt-0 flex flex-col justify-center\">\n<div class=\"text-base max-w-prose sm:max-w-none text-left\">\n<h3 class=\"mt-2 leading-8 font-bold tracking-tight text-heading text-2xl md:text-4xl\">Halbautomatischer Ablauf:<\/h3>\n<\/div>\n<div class=\"mt-5 block-content lg:max-w-none lg:row-start-1 lg:col-start-1 break-words font-medium text-left\">\n<p>Auch bei dieser Variante erfassen Kameras automatisch dein Nummernschild. Anders als bei der automatischen Variante musst du den Parkvorgang jedoch manuell in der App starten und stoppen.<\/p>\n<p><strong>An folgenden Standorten findest du unsere halbautomatische Kameraparken-L\u00f6sung:<\/strong><\/p>\n<ul>\n<li>Bad Langensalza\/Sch\u00f6nstedt, Baumkronenpfad (Parkzone in der App: 99941)<\/li>\n<li>Bad Wimpfen &#8211; Tiefgarage Solebad Zonecode (Parkzone in der App: 7420)<\/li>\n<li>Breitbrunn, Strandbad &#8211; Stefano am See (Parkzone in der App: 83240)<\/li>\n<li>Grafing b. M\u00fcnchen, Tiefgarage Marktplatz (Parkzone in der App: 85610)<\/li>\n<li>Horb am Neckar, Parkhaus Bahnhof (Parkzone in der App: 72160)<\/li>\n<li>Kriftel, Kapellenstra\u00dfe 48-50 &#8211; Nachtparken (Parkzone in der App: 65831)<\/li>\n<li>Limburg, P &amp; R Parkhaus Limburg S\u00fcd, (Parkzone in der App: 655492)<\/li>\n<li>Miltenberg, Parkhaus Altstadt (Parkzone in der App: 63804)<\/li>\n<li>Miltenberg, Parkplatz Mainbr\u00fccke (Parkzone in der App: 63802)<\/li>\n<li>Miltenberg, Parkplatz Pfarrkirche (Parkzone in der App: 63801)<\/li>\n<li>Miltenberg, Parkplatz Schwimmbad (Parkzone in der App: 63803)<\/li>\n<li>Oberndorf am Neckar, Parkhaus Wettestra\u00dfe (Parkzone in der App: 78720)<\/li>\n<\/ul>\n<p><strong>WICHTIG VOR DER NUTZUNG:<\/strong>\u00a0Halbautomatisch bedeutet, dass du den Vorgang selbst starten und stoppen musst.<\/p>\n<\/div>\n<div class=\"text-base max-w-prose sm:max-w-none text-left\">\n<h3><\/h3>\n<h3 class=\"mt-2 leading-8 font-bold tracking-tight text-heading text-2xl md:text-4xl\">Jetzt automatisches Kameraparken in der App freischalten!<\/h3>\n<\/div>\n<div class=\"mt-5 block-content lg:max-w-none lg:row-start-1 lg:col-start-1 break-words font-medium text-left\">\n<ol start=\"1\">\n<li>\u00d6ffne die Parkster-App<\/li>\n<li>Klicke auf \u201cMen\u00fc\u201d und dann auf \u201cAutomatisches Kameraparken\u201d<\/li>\n<li>W\u00e4hle das Auto aus der Liste, f\u00fcr das du Kameraparken aktivieren m\u00f6chtest<\/li>\n<li>Best\u00e4tige den Auswahlvorgang<\/li>\n<\/ol>\n<\/div>\n<\/div>\n<\/div>\n","protected":false},"excerpt":{"rendered":"<p>Parken mit Kennzeichenerkennung Wie funktioniert Parken mit Kennzeichenerkennung? Normalerweise startest du mit Parkster den Parkvorgang manuell in der App \u2013 und stoppst ihn so auch wieder. Beim Parken mit Kennzeichenerkennung ist das nicht mehr n\u00f6tig. Es gibt zwei Arten der Automatisierung, zwischen denen wir unterscheiden m\u00fcssen: Automatischer Ablauf (\u201cAutomatisches Kameraparken\u201d): Kameras erfassen dein Kennzeichen bei [&hellip;]<\/p>\n","protected":false},"author":3,"featured_media":0,"parent":0,"menu_order":0,"comment_status":"closed","ping_status":"closed","template":"","meta":{"_acf_changed":false,"footnotes":""},"class_list":["post-1035","page","type-page","status-publish","hentry"],"acf":[],"lang":"de","translations":{"de":1035},"pll_sync_post":[],"_links":{"self":[{"href":"https:\/\/www.parkster.com\/de\/wp-json\/wp\/v2\/pages\/1035","targetHints":{"allow":["GET"]}}],"collection":[{"href":"https:\/\/www.parkster.com\/de\/wp-json\/wp\/v2\/pages"}],"about":[{"href":"https:\/\/www.parkster.com\/de\/wp-json\/wp\/v2\/types\/page"}],"author":[{"embeddable":true,"href":"https:\/\/www.parkster.com\/de\/wp-json\/wp\/v2\/users\/3"}],"replies":[{"embeddable":true,"href":"https:\/\/www.parkster.com\/de\/wp-json\/wp\/v2\/comments?post=1035"}],"version-history":[{"count":0,"href":"https:\/\/www.parkster.com\/de\/wp-json\/wp\/v2\/pages\/1035\/revisions"}],"wp:attachment":[{"href":"https:\/\/www.parkster.com\/de\/wp-json\/wp\/v2\/media?parent=1035"}],"curies":[{"name":"wp","href":"https:\/\/api.w.org\/{rel}","templated":true}]}}