{"id":62,"date":"2025-06-25T12:15:41","date_gmt":"2025-06-25T12:15:41","guid":{"rendered":"https:\/\/www.parkster.com\/at\/?page_id=62"},"modified":"2025-09-01T10:10:18","modified_gmt":"2025-09-01T10:10:18","slug":"entdecke-parkster","status":"publish","type":"page","link":"https:\/\/www.parkster.com\/at\/de\/entdecke-parkster\/","title":{"rendered":"Entdecke Parkster"},"content":{"rendered":"<h2>Eine Parkster App \u2013 viele M\u00f6glichkeiten<\/h2>\n<p>Mit Parkster kannst du auf \u00f6ffentlichen Stra\u00dfenparkpl\u00e4tzen, in Parkh\u00e4usern und auf privaten Parkpl\u00e4tzen parken. In der App siehst du ganz einfach, wo du mit uns parken kannst. Wir machen es dir leicht, mit Kurz- oder Langzeitparken und Anwohnerparken. Mit dem Auto oder Wohnmobil.<\/p>\n<p><span data-sheets-root=\"1\"><strong>Kurzzeitparken<\/strong><br \/>\nZahle f\u00fcr die tats\u00e4chliche Parkzeit, direkt in der App*. Starten, stoppen und verl\u00e4ngern deines Parkscheins, wann immer du willst**. Kein \u00c4rger mit M\u00fcnzen oder gedruckten Tickets.<\/span><\/p>\n<p>*F\u00fcr zus\u00e4tzlich gew\u00e4hlte Services k\u00f6nnen Kosten anfallen. **Es sind Mindest- und H\u00f6chstparkdauer laut geltender Parkverordung m\u00f6glich.<\/p>\n<p><strong>Langzeitparken<\/strong><br \/>\nDu willst l\u00e4nger parken? An einigen Standorten sind Langzeitparkpl\u00e4tze zu einem g\u00fcnstigeren Tarif verf\u00fcgbar, die im Voraus bezahlt werden, z. B. wochen- oder monatsweise. Die Zeit ist festgelegt und kann nicht nachtr\u00e4glich ge\u00e4ndert werden.<\/p>\n<p><strong>Kameraparken &#8211; so funktioniert&#8217;s<\/strong><br \/>\nTeilweise werden Kameras eingesetzt, um Parkvorg\u00e4nge automatisch zu beenden &#8211; manchmal auch zu starten. Aktiviere in der App &#8220;Kameraerkennung zulassen&#8221; bei der Fahrzeugeingabe, um diese Funktion zu nutzen.<br \/>\nBitte beachte: Automatisches Kameraparken ist beim Express-Parken nicht verf\u00fcgbar.<\/p>\n<p><strong>Business-L\u00f6sung<\/strong><br \/>\nDas Unternehmenskonto ist in \u00d6sterreich aktuell noch nicht verf\u00fcgbar. Wir arbeiten daran, dir diesen Dienst bald anbieten zu k\u00f6nnen.<\/p>\n<p><strong>Dienstlich parken<\/strong><br \/>\nSie parken regelm\u00e4\u00dfig gesch\u00e4ftlich und m\u00fcssen die Kosten abrechnen? Mit dienstlich parken k\u00f6nnen Sie berufliche und private Parkvorg\u00e4nge trennen.<br \/>\nAktivieren Sie daf\u00fcr die &#8220;Dienstlich&#8221;-Funktion direkt in der App f\u00fcr den jeweiligen Parkvorgang. Bezahlen Sie einfach mit Ihrer Firmenkreditkarte &#8211; oder erhalten Sie eine Rechnung f\u00fcr alle dienstlichen Parkvorg\u00e4nge.<\/p>\n<p><strong>Familienkonto<\/strong><br \/>\nAlle Parkvorg\u00e4nge der ganzen Familie in einem Konto. F\u00fcr einen besseren \u00dcberblick und eine gemeinsame Sammelrechnung.<\/p>\n<p><strong>Parken per SMS<\/strong><br \/>\nAuch ohne Smartphone oder App l\u00e4sst sich ganz einfach mit Parkster parken.<br \/>\n<a href=\"https:\/\/faq-de.parkster.com\/article\/12085\" target=\"_blank\" rel=\"noopener\">So funktioniert&#8217;s<\/a><\/p>\n<p><span data-sheets-root=\"1\"><strong>Wir wollen Parken f\u00fcr dich so einfach wie m\u00f6glich machen<\/strong><br \/>\nParkster ist kein Eigent\u00fcmer von Parkpl\u00e4tzen und stellt keine Bu\u00dfgelder aus. Wir arbeiten mit Gemeinden und privaten Parkraumbewirtschaftern zusammen, die sich f\u00fcr unseren Service entschieden haben, um das Bezahlen von Parkgeb\u00fchren zu vereinfachen. Unser Ziel ist es, das Parken zu vereinfachen \u2013 und zwar f\u00fcr alle, die vor Ort leben, arbeiten oder einfach nur zu Besuch sind.<\/span><\/p>\n<p>Du hast Fragen oder ein Anliegen? Dann melde dich gerne bei uns.<\/p>\n","protected":false},"excerpt":{"rendered":"<p>Eine Parkster App \u2013 viele M\u00f6glichkeiten Mit Parkster kannst du auf \u00f6ffentlichen Stra\u00dfenparkpl\u00e4tzen, in Parkh\u00e4usern und auf privaten Parkpl\u00e4tzen parken. In der App siehst du ganz einfach, wo du mit uns parken kannst. Wir machen es dir leicht, mit Kurz- oder Langzeitparken und Anwohnerparken. Mit dem Auto oder Wohnmobil. Kurzzeitparken Zahle f\u00fcr die tats\u00e4chliche Parkzeit, [&hellip;]<\/p>\n","protected":false},"author":3,"featured_media":0,"parent":0,"menu_order":0,"comment_status":"closed","ping_status":"closed","template":"","meta":{"_acf_changed":false,"footnotes":""},"class_list":["post-62","page","type-page","status-publish","hentry"],"acf":[],"lang":"de","translations":{"de":62},"pll_sync_post":[],"_links":{"self":[{"href":"https:\/\/www.parkster.com\/at\/wp-json\/wp\/v2\/pages\/62","targetHints":{"allow":["GET"]}}],"collection":[{"href":"https:\/\/www.parkster.com\/at\/wp-json\/wp\/v2\/pages"}],"about":[{"href":"https:\/\/www.parkster.com\/at\/wp-json\/wp\/v2\/types\/page"}],"author":[{"embeddable":true,"href":"https:\/\/www.parkster.com\/at\/wp-json\/wp\/v2\/users\/3"}],"replies":[{"embeddable":true,"href":"https:\/\/www.parkster.com\/at\/wp-json\/wp\/v2\/comments?post=62"}],"version-history":[{"count":0,"href":"https:\/\/www.parkster.com\/at\/wp-json\/wp\/v2\/pages\/62\/revisions"}],"wp:attachment":[{"href":"https:\/\/www.parkster.com\/at\/wp-json\/wp\/v2\/media?parent=62"}],"curies":[{"name":"wp","href":"https:\/\/api.w.org\/{rel}","templated":true}]}}