{"id":330,"date":"2025-08-26T12:21:30","date_gmt":"2025-08-26T12:21:30","guid":{"rendered":"https:\/\/www.parkster.com\/at\/?page_id=330"},"modified":"2025-08-26T12:21:30","modified_gmt":"2025-08-26T12:21:30","slug":"barrierefreiheitserklaerung-fuer-www-parkster-com","status":"publish","type":"page","link":"https:\/\/www.parkster.com\/at\/de\/barrierefreiheitserklaerung-fuer-www-parkster-com\/","title":{"rendered":"Barrierefreiheitserkl\u00e4rung f\u00fcr www.parkster.com"},"content":{"rendered":"<p data-start=\"150\" data-end=\"518\">Parkster AB ist f\u00fcr diese Website verantwortlich. Wir m\u00f6chten, dass m\u00f6glichst viele Menschen sie nutzen k\u00f6nnen. Dieses Dokument beschreibt, wie www.parkster.com den Anforderungen des Gesetzes \u00fcber den barrierefreien Zugang zu digitalen \u00f6ffentlichen Diensten entspricht, welche Barrieren uns bekannt sind und wie Sie uns M\u00e4ngel melden k\u00f6nnen, damit wir diese beheben.<\/p>\n<h3 data-start=\"520\" data-end=\"557\">Wie barrierefrei ist die Website?<\/h3>\n<p data-start=\"559\" data-end=\"621\">Uns sind derzeit keine Barrieren auf dieser Website bekannt.<\/p>\n<h3 data-start=\"623\" data-end=\"694\">Was k\u00f6nnen Sie tun, wenn Sie Teile der Website nicht nutzen k\u00f6nnen?<\/h3>\n<p data-start=\"696\" data-end=\"898\">Wenn Sie Inhalte dieser Website ben\u00f6tigen, die f\u00fcr Sie nicht barrierefrei zug\u00e4nglich sind, die aber nicht in den Anwendungsbereich des Gesetzes fallen, k\u00f6nnen Sie uns auf folgenden Wegen kontaktieren:<\/p>\n<ul data-start=\"900\" data-end=\"1063\">\n<li data-start=\"900\" data-end=\"960\">\n<p data-start=\"902\" data-end=\"960\">Senden Sie eine E-Mail an: <strong data-start=\"929\" data-end=\"958\"><a class=\"decorated-link cursor-pointer\" rel=\"noopener\" data-start=\"931\" data-end=\"956\">kundendienst@parkster.com<\/a><\/strong><\/p>\n<\/li>\n<li data-start=\"961\" data-end=\"1013\">\n<p data-start=\"963\" data-end=\"1013\">Rufen Sie uns an unter: <strong data-start=\"987\" data-end=\"1011\">0049 89 306 69 79 69<\/strong><\/p>\n<\/li>\n<li data-start=\"1014\" data-end=\"1063\">\n<p data-start=\"1016\" data-end=\"1063\">Nutzen Sie die Chat-Funktion auf der Website.<\/p>\n<\/li>\n<\/ul>\n<h3 data-start=\"1065\" data-end=\"1101\">Barrieren auf der Website melden<\/h3>\n<p data-start=\"1103\" data-end=\"1398\">Wir arbeiten laufend daran, die Barrierefreiheit unserer Website zu verbessern. Sollten Sie Probleme entdecken, die hier nicht beschrieben sind, oder der Meinung sein, dass wir gesetzliche Anforderungen nicht erf\u00fcllen, bitten wir Sie, uns zu informieren, damit wir diese M\u00e4ngel beheben k\u00f6nnen.<\/p>\n<h3 data-start=\"1400\" data-end=\"1412\">Aufsicht<\/h3>\n<p data-start=\"1414\" data-end=\"1619\">Die Einhaltung des <strong data-start=\"1433\" data-end=\"1471\">Web-Zug\u00e4nglichkeits-Gesetzes (WZG)<\/strong> in \u00d6sterreich wird im Auftrag des Bundesministeriums f\u00fcr Finanzen durch die <strong data-start=\"1548\" data-end=\"1606\">\u00d6sterreichische Forschungsf\u00f6rderungsgesellschaft (FFG)<\/strong> \u00fcberwacht.<\/p>\n<p data-start=\"1621\" data-end=\"1762\">Wenn Sie der Ansicht sind, dass unsere Website nicht den gesetzlichen Anforderungen entspricht, k\u00f6nnen Sie bei der FFG Beschwerde einlegen.<\/p>\n<p data-start=\"1764\" data-end=\"1880\">Weitere Informationen finden Sie unter: <a class=\"decorated-link\" href=\"https:\/\/www.barrierefreiegesetze.at\" target=\"_new\" rel=\"noopener\" data-start=\"1804\" data-end=\"1878\">https:\/\/www.barrierefreiegesetze.at<\/a><\/p>\n<h3 data-start=\"1882\" data-end=\"1943\">Technische Informationen zur Barrierefreiheit der Website<\/h3>\n<p data-start=\"1945\" data-end=\"2066\">Diese Website ist vollst\u00e4ndig konform mit dem Gesetz \u00fcber den barrierefreien Zugang zu digitalen \u00f6ffentlichen Diensten.<\/p>\n<h3 data-start=\"2068\" data-end=\"2106\">Wie wir die Website getestet haben<\/h3>\n<p data-start=\"2108\" data-end=\"2344\">Die Website wurde von <strong data-start=\"2130\" data-end=\"2144\">Viva Media<\/strong> entwickelt, um die Anforderungen an Barrierefreiheit zu erf\u00fcllen.<br data-start=\"2210\" data-end=\"2213\" \/>Wir \u00fcberpr\u00fcfen die Barrierefreiheit regelm\u00e4\u00dfig mit automatisierten Werkzeugen und manuellen Tests. Dies erfolgt intern durch uns.<\/p>\n<p data-start=\"2346\" data-end=\"2473\">Die Website wurde am <strong data-start=\"2367\" data-end=\"2386\">26. August 2025<\/strong> ver\u00f6ffentlicht.<br data-start=\"2402\" data-end=\"2405\" \/>Diese Erkl\u00e4rung wurde zuletzt am <strong data-start=\"2438\" data-end=\"2457\">26. August 2025<\/strong> aktualisiert.<\/p>\n","protected":false},"excerpt":{"rendered":"<p>Parkster AB ist f\u00fcr diese Website verantwortlich. Wir m\u00f6chten, dass m\u00f6glichst viele Menschen sie nutzen k\u00f6nnen. Dieses Dokument beschreibt, wie www.parkster.com den Anforderungen des Gesetzes \u00fcber den barrierefreien Zugang zu digitalen \u00f6ffentlichen Diensten entspricht, welche Barrieren uns bekannt sind und wie Sie uns M\u00e4ngel melden k\u00f6nnen, damit wir diese beheben. Wie barrierefrei ist die Website? [&hellip;]<\/p>\n","protected":false},"author":7,"featured_media":0,"parent":0,"menu_order":0,"comment_status":"closed","ping_status":"closed","template":"","meta":{"_acf_changed":false,"footnotes":""},"class_list":["post-330","page","type-page","status-publish","hentry"],"acf":[],"lang":"de","translations":{"de":330,"en":327},"pll_sync_post":[],"_links":{"self":[{"href":"https:\/\/www.parkster.com\/at\/wp-json\/wp\/v2\/pages\/330","targetHints":{"allow":["GET"]}}],"collection":[{"href":"https:\/\/www.parkster.com\/at\/wp-json\/wp\/v2\/pages"}],"about":[{"href":"https:\/\/www.parkster.com\/at\/wp-json\/wp\/v2\/types\/page"}],"author":[{"embeddable":true,"href":"https:\/\/www.parkster.com\/at\/wp-json\/wp\/v2\/users\/7"}],"replies":[{"embeddable":true,"href":"https:\/\/www.parkster.com\/at\/wp-json\/wp\/v2\/comments?post=330"}],"version-history":[{"count":0,"href":"https:\/\/www.parkster.com\/at\/wp-json\/wp\/v2\/pages\/330\/revisions"}],"wp:attachment":[{"href":"https:\/\/www.parkster.com\/at\/wp-json\/wp\/v2\/media?parent=330"}],"curies":[{"name":"wp","href":"https:\/\/api.w.org\/{rel}","templated":true}]}}